{"id":852,"date":"2025-06-30T10:25:43","date_gmt":"2025-06-30T08:25:43","guid":{"rendered":"https:\/\/powerworks.energy\/references\/"},"modified":"2025-09-29T15:10:07","modified_gmt":"2025-09-29T13:10:07","slug":"references","status":"publish","type":"page","link":"https:\/\/powerworks.energy\/en\/references\/","title":{"rendered":"References"},"content":{"rendered":"\n<div style=\"height:100px\" aria-hidden=\"true\" class=\"wp-block-spacer is-style-128\"><\/div>\n<section id=\"post-grid-block_1190e5547186647d997499e337e19014\" class=\"post-grid alignwide\">\n    <div id=\"container_post-grid-block_1190e5547186647d997499e337e19014\" class=\"inner-content template-0 columns-3\">\n        \n\n<div class=\"grid-item template-0\">\n\n        <div class=\"grid-item-content\">\n            \n                <div class=\"post-header\">\n                    <figure class=\"feature-image-figure\">\n                        <img decoding=\"async\" class=\"feature-image\" src=\"https:\/\/powerworks.energy\/wp-content\/uploads\/2025\/07\/WrangelsroEPChybridpark.jpg\" \/>\n                    <\/figure>\n                <\/div>\n\n            \n            <div class=\"post-content\">\n\n                <h3 class=\"post-title wp-block-heading\"><span style=\"text-decoration: underline\">Wrangelsro Hybrid Park<\/span><\/h3>\n                <p class=\"post-excerpt\">\n                    The Wrangelsro hybrid solar park combines both solar panels (7MWp) and battery storage (4MW). The project has been designed, installed, and commissioned by Powerworks together with its sister company Solarwork. Powerworks is responsible for technical and commercial management.                <\/p>\n\n\n            <\/div>\n\n\n\t\t<\/div>\n\n\t<\/a>\n<\/div>\n\n            \n\n<div class=\"grid-item template-0\">\n\n        <div class=\"grid-item-content\">\n            \n                <div class=\"post-header\">\n                    <figure class=\"feature-image-figure\">\n                        <img decoding=\"async\" class=\"feature-image\" src=\"https:\/\/powerworks.energy\/wp-content\/uploads\/2025\/07\/NassjoElnat-alt.png\" \/>\n                    <\/figure>\n                <\/div>\n\n            \n            <div class=\"post-content\">\n\n                <h3 class=\"post-title wp-block-heading\"><span style=\"text-decoration: underline\">N\u00e4ssj\u00f6 Aff\u00e4rsverk<\/span><\/h3>\n                <p class=\"post-excerpt\">\n                    To expand capacity in the local electricity grid and create profitability from an occasionally underutilized electricity grid, Powerworks designed and built a 4 MW battery park together with N\u00e4ssj\u00f6 Aff\u00e4rsverk.                <\/p>\n\n\n            <\/div>\n\n\n\t\t<\/div>\n\n\t<\/a>\n<\/div>\n\n            \n\n<div class=\"grid-item template-0\">\n\n        <div class=\"grid-item-content\">\n            \n                <div class=\"post-header\">\n                    <figure class=\"feature-image-figure\">\n                        <img decoding=\"async\" class=\"feature-image\" src=\"https:\/\/powerworks.energy\/wp-content\/uploads\/2025\/07\/SajtProjektering.jpg\" \/>\n                    <\/figure>\n                <\/div>\n\n            \n            <div class=\"post-content\">\n\n                <h3 class=\"post-title wp-block-heading\"><span style=\"text-decoration: underline\">Flexibility Projects<\/span><\/h3>\n                <p class=\"post-excerpt\">\n                    To meet the demand for physical flexibility, we deliver turnkey battery sites for selected locations \u2013 designed for maximum return. Are you interested in physical flex but want to continue doing what you do best? Let us collaborate.                <\/p>\n\n\n            <\/div>\n\n\n\t\t<\/div>\n\n\t<\/a>\n<\/div>\n\n                <\/div>\n<\/section>\n\n\n<div style=\"height:100px\" aria-hidden=\"true\" class=\"wp-block-spacer is-style-64\"><\/div>\n\n<div class=\"wp-block-group alignfull has-pw-background-gray-background-color has-background is-layout-constrained wp-block-group-is-layout-constrained\">\n<blockquote class=\"wp-block-quote is-layout-flow wp-block-quote-is-layout-flow\">\n<p>Powerworks has demonstrated great technical expertise and willingness to find solutions that meet the customer&#8217;s needs<br\/><\/p>\n<cite> Sofia Hid\u00e9n, Site Manager Rottneros Bruk<\/cite><\/blockquote>\n<\/div>\n\n<div style=\"height:100px\" aria-hidden=\"true\" class=\"wp-block-spacer is-style-64\"><\/div>\n\n<div class=\"wp-block-media-text alignwide has-media-on-the-right is-stacked-on-mobile\" style=\"grid-template-columns:auto 66%\"><div class=\"wp-block-media-text__content\">\n<h2 class=\"wp-block-heading has-text-align-left\"><span style=\"text-decoration: underline;\">Our Projects<\/span><\/h2>\n\n\n\n<p class=\"has-text-align-left is-style-preamble\"><em>Powerworks builds battery storage systems with independent control throughout Europe.<\/em><\/p>\n\n\n\n<p class=\"has-text-align-left is-style-default\"><em>We unlock the potential in your infrastructure and strengthen resilience in the electricity grid<\/em><\/p>\n\n\n\n<p><\/p>\n<\/div><figure class=\"wp-block-media-text__media\"><img loading=\"lazy\" decoding=\"async\" width=\"1024\" height=\"1024\" src=\"https:\/\/powerworks.energy\/wp-content\/uploads\/2025\/08\/map-of-sites-2-1024x1024.png\" alt=\"\" class=\"wp-image-685 size-full\" srcset=\"https:\/\/powerworks.energy\/wp-content\/uploads\/2025\/08\/map-of-sites-2-1024x1024.png 1024w, https:\/\/powerworks.energy\/wp-content\/uploads\/2025\/08\/map-of-sites-2-300x300.png 300w, https:\/\/powerworks.energy\/wp-content\/uploads\/2025\/08\/map-of-sites-2-150x150.png 150w, https:\/\/powerworks.energy\/wp-content\/uploads\/2025\/08\/map-of-sites-2-768x768.png 768w, https:\/\/powerworks.energy\/wp-content\/uploads\/2025\/08\/map-of-sites-2-1536x1536.png 1536w, https:\/\/powerworks.energy\/wp-content\/uploads\/2025\/08\/map-of-sites-2.png 1680w\" sizes=\"auto, (max-width: 1024px) 100vw, 1024px\" \/><\/figure><\/div>\n\n<div class=\"wp-block-columns is-layout-flex wp-container-core-columns-is-layout-28f84493 wp-block-columns-is-layout-flex\">\n<div class=\"wp-block-column is-layout-flow wp-block-column-is-layout-flow\" style=\"flex-basis:100%\">\n<div class=\"wp-block-group alignwide is-layout-constrained wp-block-group-is-layout-constrained\">\n<figure class=\"wp-block-table alignwide is-style-refcase-table hidden\"><table class=\"has-fixed-layout\"><thead><tr><th>Reference projects<\/th><th>Location\/Area<\/th><th>Project type<\/th><th class=\"has-text-align-right\" data-align=\"right\">Power<\/th><\/tr><\/thead><tbody><tr><td>Industrial<\/td><td>Sm\u00e5land<\/td><td>Flexibility<\/td><td class=\"has-text-align-right\" data-align=\"right\">4 MW<\/td><\/tr><tr><td>Industry <\/td><td>V\u00e4rmland<\/td><td>Flexibility<\/td><td class=\"has-text-align-right\" data-align=\"right\">8 MW<\/td><\/tr><tr><td>Commercial <\/td><td>Sk\u00e5ne<\/td><td>Flexibility<\/td><td class=\"has-text-align-right\" data-align=\"right\">0.4 MW<\/td><\/tr><tr><td>Energy company<\/td><td>Skaraborg<\/td><td>Battery park<\/td><td class=\"has-text-align-right\" data-align=\"right\">2 MW<\/td><\/tr><tr><td>Industrial<\/td><td>Bohusl\u00e4n<\/td><td>Flexibility<\/td><td class=\"has-text-align-right\" data-align=\"right\">2 MW<\/td><\/tr><tr><td>Industrial<\/td><td>Sk\u00e5ne<\/td><td>Flexibility<\/td><td class=\"has-text-align-right\" data-align=\"right\">4 MW<\/td><\/tr><tr><td>Agriculture<\/td><td>Sk\u00e5ne<\/td><td>Battery park<\/td><td class=\"has-text-align-right\" data-align=\"right\">0.4 MW<\/td><\/tr><tr><td>Energy company<\/td><td>Sm\u00e5land<\/td><td>Grid support<\/td><td class=\"has-text-align-right\" data-align=\"right\">4 MW<\/td><\/tr><tr><td>Energy company<\/td><td>Skaraborg<\/td><td>Battery park<\/td><td class=\"has-text-align-right\" data-align=\"right\">2 MW<\/td><\/tr><tr><td>Hydropower<\/td><td>Halland<\/td><td>Hybrid project<\/td><td class=\"has-text-align-right\" data-align=\"right\">0.2 MW<\/td><\/tr><\/tbody><\/table><\/figure>\n<\/div>\n<\/div>\n<\/div>\n\n<div class=\"wp-block-group alignfull has-pw-background-gray-background-color has-background is-layout-constrained wp-block-group-is-layout-constrained\">\n<blockquote class=\"wp-block-quote is-layout-flow wp-block-quote-is-layout-flow\">\n<p>We have found an excellent model for producing electricity <br\/>with solar power and also being able to store energy and offer services to the Swedish electricity market.<\/p>\n<cite>Carl Kuylenstierna, CEO Sperlingsholms Gods<\/cite><\/blockquote>\n<\/div>\n\n<div style=\"height:100px\" aria-hidden=\"true\" class=\"wp-block-spacer is-style-128\"><\/div>\n","protected":false},"excerpt":{"rendered":"<p>Powerworks has demonstrated great technical expertise and willingness to find solutions that meet the customer&#8217;s needs Our Projects Powerworks builds battery storage systems with independent control throughout Europe. We unlock the potential in your infrastructure and strengthen resilience in the electricity grid Reference projects Location\/Area Project type Power Industrial Sm\u00e5land Flexibility 4 MW Industry V\u00e4rmland [&hellip;]<\/p>\n","protected":false},"author":1,"featured_media":0,"parent":0,"menu_order":0,"comment_status":"closed","ping_status":"closed","template":"","meta":{"_acf_changed":false,"footnotes":""},"class_list":["post-852","page","type-page","status-publish","hentry"],"acf":[],"_links":{"self":[{"href":"https:\/\/powerworks.energy\/en\/wp-json\/wp\/v2\/pages\/852","targetHints":{"allow":["GET"]}}],"collection":[{"href":"https:\/\/powerworks.energy\/en\/wp-json\/wp\/v2\/pages"}],"about":[{"href":"https:\/\/powerworks.energy\/en\/wp-json\/wp\/v2\/types\/page"}],"author":[{"embeddable":true,"href":"https:\/\/powerworks.energy\/en\/wp-json\/wp\/v2\/users\/1"}],"replies":[{"embeddable":true,"href":"https:\/\/powerworks.energy\/en\/wp-json\/wp\/v2\/comments?post=852"}],"version-history":[{"count":3,"href":"https:\/\/powerworks.energy\/en\/wp-json\/wp\/v2\/pages\/852\/revisions"}],"predecessor-version":[{"id":866,"href":"https:\/\/powerworks.energy\/en\/wp-json\/wp\/v2\/pages\/852\/revisions\/866"}],"wp:attachment":[{"href":"https:\/\/powerworks.energy\/en\/wp-json\/wp\/v2\/media?parent=852"}],"curies":[{"name":"wp","href":"https:\/\/api.w.org\/{rel}","templated":true}]}}